{"id":340,"date":"2026-04-10T18:04:55","date_gmt":"2026-04-10T18:04:55","guid":{"rendered":"https:\/\/kidnexshop.azdigi.shop\/?post_type=product&#038;p=340"},"modified":"2026-04-18T04:15:47","modified_gmt":"2026-04-18T04:15:47","slug":"340","status":"publish","type":"product","link":"https:\/\/kidnexshop.azdigi.shop\/?product=340","title":{"rendered":"\u0110\u1ed3 Ch\u01a1i L\u1eafp R\u00e1p Ph\u00f2ng  Ph\u01b0\u01a1ng Ti\u1ec7n LEGO DUPLO 1047"},"content":{"rendered":"<h2 data-section-id=\"12mg99b\" data-start=\"156\" data-end=\"224\">\u0110\u1ed3 Ch\u01a1i L\u1eafp R\u00e1p Ph\u00f2ng Kh\u00e1m B\u00e1c S\u0129 LEGO DUPLO 10449 cho b\u00e9 m\u1ea7m non<\/h2>\n<p data-start=\"226\" data-end=\"397\">\u0110\u1ed3 Ch\u01a1i L\u1eafp R\u00e1p Ph\u00f2ng Kh\u00e1m B\u00e1c S\u0129 LEGO DUPLO 10449 l\u00e0 b\u1ed9 \u0111\u1ed3 ch\u01a1i gi\u00e1o d\u1ee5c d\u00e0nh cho tr\u1ebb m\u1ea7m non. S\u1ea3n ph\u1ea9m gi\u00fap b\u00e9 h\u1ecdc t\u1eadp th\u00f4ng qua ho\u1ea1t \u0111\u1ed9ng vui ch\u01a1i v\u00e0 nh\u1eadp vai \u0111\u01a1n gi\u1ea3n.<\/p>\n<p data-start=\"399\" data-end=\"636\">B\u1ed9 \u0111\u1ed3 ch\u01a1i thu\u1ed9c d\u00f2ng DUPLO c\u1ee7a <strong data-start=\"431\" data-end=\"472\"><span class=\"hover:entity-accent entity-underline inline cursor-pointer align-baseline\"><span class=\"whitespace-normal\">LEGO<\/span><\/span><\/strong>, \u0111\u01b0\u1ee3c thi\u1ebft k\u1ebf ri\u00eang cho tr\u1ebb nh\u1ecf. C\u00e1c kh\u1ed1i l\u1eafp r\u00e1p c\u00f3 k\u00edch th\u01b0\u1edbc l\u1edbn, d\u1ec5 c\u1ea7m n\u1eafm v\u00e0 an to\u00e0n khi s\u1eed d\u1ee5ng. M\u00e0u s\u1eafc t\u01b0\u01a1i s\u00e1ng gi\u00fap b\u00e9 d\u1ec5 quan s\u00e1t v\u00e0 ghi nh\u1edb h\u00ecnh \u1ea3nh.<\/p>\n<p data-start=\"638\" data-end=\"895\">M\u00f4 h\u00ecnh ph\u00f2ng kh\u00e1m b\u00e1c s\u0129 quen thu\u1ed9c gi\u00fap b\u00e9 l\u00e0m quen v\u1edbi m\u00f4i tr\u01b0\u1eddng y t\u1ebf. B\u1ed9 s\u1ea3n ph\u1ea9m bao g\u1ed3m nh\u00e2n v\u1eadt b\u00e1c s\u0129, b\u1ec7nh nh\u00e2n v\u00e0 c\u00e1c chi ti\u1ebft c\u01a1 b\u1ea3n. Tr\u1ebb c\u00f3 th\u1ec3 \u0111\u00f3ng vai b\u00e1c s\u0129 \u0111\u1ec3 ch\u0103m s\u00f3c ng\u01b0\u1eddi kh\u00e1c. Ho\u1ea1t \u0111\u1ed9ng n\u00e0y gi\u00fap b\u00e9 gi\u1ea3m c\u1ea3m gi\u00e1c s\u1ee3 h\u00e3i khi \u0111i kh\u00e1m b\u1ec7nh.<\/p>\n<p data-start=\"897\" data-end=\"1154\">Trong qu\u00e1 tr\u00ecnh ch\u01a1i, b\u00e9 h\u1ecdc c\u00e1ch giao ti\u1ebfp v\u00e0 di\u1ec5n \u0111\u1ea1t c\u1ea3m x\u00fac. B\u00e9 c\u00f3 th\u1ec3 k\u1ec3 c\u00e2u chuy\u1ec7n theo tr\u00ed t\u01b0\u1edfng t\u01b0\u1ee3ng c\u1ee7a m\u00ecnh. \u0110i\u1ec1u n\u00e0y h\u1ed7 tr\u1ee3 ph\u00e1t tri\u1ec3n ng\u00f4n ng\u1eef v\u00e0 k\u1ef9 n\u0103ng x\u00e3 h\u1ed9i t\u1eeb s\u1edbm. Tr\u00f2 ch\u01a1i nh\u1eadp vai c\u0169ng gi\u00fap b\u00e9 hi\u1ec3u h\u01a1n v\u1ec1 c\u00e1c ngh\u1ec1 nghi\u1ec7p trong cu\u1ed9c s\u1ed1ng.<\/p>\n<p data-start=\"1156\" data-end=\"1366\">Vi\u1ec7c l\u1eafp r\u00e1p c\u00e1c kh\u1ed1i gi\u00fap b\u00e9 r\u00e8n luy\u1ec7n t\u01b0 duy logic. Tr\u1ebb h\u1ecdc c\u00e1ch quan s\u00e1t v\u00e0 gh\u00e9p c\u00e1c m\u1ea3nh \u0111\u00fang v\u1ecb tr\u00ed. Kh\u1ea3 n\u0103ng ph\u1ed1i h\u1ee3p tay v\u00e0 m\u1eaft c\u0169ng \u0111\u01b0\u1ee3c c\u1ea3i thi\u1ec7n r\u00f5 r\u1ec7t. B\u00e9 tr\u1edf n\u00ean t\u1eadp trung v\u00e0 ki\u00ean nh\u1eabn h\u01a1n khi ch\u01a1i.<\/p>\n<p data-start=\"1368\" data-end=\"1608\">\u0110\u1ed3 Ch\u01a1i L\u1eafp R\u00e1p Ph\u00f2ng Kh\u00e1m B\u00e1c S\u0129 LEGO DUPLO 10449 \u0111\u01b0\u1ee3c l\u00e0m t\u1eeb nh\u1ef1a cao c\u1ea5p. S\u1ea3n ph\u1ea9m kh\u00f4ng ch\u1ee9a ch\u1ea5t \u0111\u1ed9c h\u1ea1i v\u00e0 c\u00f3 c\u00e1c c\u1ea1nh bo tr\u00f2n. Ph\u1ee5 huynh c\u00f3 th\u1ec3 y\u00ean t\u00e2m cho b\u00e9 s\u1eed d\u1ee5ng h\u1eb1ng ng\u00e0y. \u0110\u00e2y l\u00e0 l\u1ef1a ch\u1ecdn ph\u00f9 h\u1ee3p cho b\u00e9 trong giai \u0111o\u1ea1n m\u1ea7m non.<\/p>\n","protected":false},"excerpt":{"rendered":"<p>\u0110\u1ed3 Ch\u01a1i L\u1eafp R\u00e1p Ph\u00f2ng Kh\u00e1m B\u00e1c S\u0129 LEGO DUPLO 10449 cho b\u00e9 m\u1ea7m non \u0110\u1ed3 Ch\u01a1i L\u1eafp R\u00e1p Ph\u00f2ng Kh\u00e1m B\u00e1c S\u0129 LEGO DUPLO 10449 l\u00e0 b\u1ed9 \u0111\u1ed3 ch\u01a1i gi\u00e1o d\u1ee5c d\u00e0nh cho tr\u1ebb m\u1ea7m non. S\u1ea3n ph\u1ea9m gi\u00fap b\u00e9 h\u1ecdc t\u1eadp th\u00f4ng qua ho\u1ea1t \u0111\u1ed9ng vui ch\u01a1i v\u00e0 nh\u1eadp vai \u0111\u01a1n gi\u1ea3n. B\u1ed9 [&#8230;]\n","protected":false},"featured_media":378,"comment_status":"open","ping_status":"closed","template":"","meta":[],"product_brand":[],"product_cat":[16,18],"product_tag":[],"class_list":{"0":"post-340","1":"product","2":"type-product","3":"status-publish","4":"has-post-thumbnail","6":"product_cat-phong-cach","7":"product_cat-sang-tao","9":"first","10":"instock","11":"sale","12":"shipping-taxable","13":"purchasable","14":"product-type-variable"},"yoast_head":"<!-- This site is optimized with the Yoast SEO plugin v27.3 - https:\/\/yoast.com\/product\/yoast-seo-wordpress\/ -->\n<title>\u0110\u1ed3 Ch\u01a1i L\u1eafp R\u00e1p Ph\u00f2ng Ph\u01b0\u01a1ng Ti\u1ec7n LEGO DUPLO 1047 -<\/title>\n<meta name=\"description\" content=\"B\u1ed9 LEGO DUPLO 10449 gi\u00fap b\u00e9 nh\u1eadp vai b\u00e1c s\u0129, ph\u00e1t tri\u1ec3n t\u01b0 duy, giao ti\u1ebfp, v\u1eadn \u0111\u1ed9ng tinh, an to\u00e0n, ph\u00f9 h\u1ee3p tr\u1ebb m\u1ea7m non.\" \/>\n<meta name=\"robots\" content=\"index, follow, max-snippet:-1, max-image-preview:large, max-video-preview:-1\" \/>\n<link rel=\"canonical\" href=\"https:\/\/kidnexshop.azdigi.shop\/?product=340\" \/>\n<meta property=\"og:locale\" content=\"vi_VN\" \/>\n<meta property=\"og:type\" content=\"article\" \/>\n<meta property=\"og:title\" content=\"\u0110\u1ed3 Ch\u01a1i L\u1eafp R\u00e1p Ph\u00f2ng Ph\u01b0\u01a1ng Ti\u1ec7n LEGO DUPLO 1047 -\" \/>\n<meta property=\"og:description\" content=\"B\u1ed9 LEGO DUPLO 10449 gi\u00fap b\u00e9 nh\u1eadp vai b\u00e1c s\u0129, ph\u00e1t tri\u1ec3n t\u01b0 duy, giao ti\u1ebfp, v\u1eadn \u0111\u1ed9ng tinh, an to\u00e0n, ph\u00f9 h\u1ee3p tr\u1ebb m\u1ea7m non.\" \/>\n<meta property=\"og:url\" content=\"https:\/\/kidnexshop.azdigi.shop\/?product=340\" \/>\n<meta property=\"article:modified_time\" content=\"2026-04-18T04:15:47+00:00\" \/>\n<meta property=\"og:image\" content=\"https:\/\/kidnexshop.azdigi.shop\/wp-content\/uploads\/2026\/04\/2-2.webp\" \/>\n\t<meta property=\"og:image:width\" content=\"1100\" \/>\n\t<meta property=\"og:image:height\" content=\"1100\" \/>\n\t<meta property=\"og:image:type\" content=\"image\/webp\" \/>\n<meta name=\"twitter:card\" content=\"summary_large_image\" \/>\n<meta name=\"twitter:label1\" content=\"\u01af\u1edbc t\u00ednh th\u1eddi gian \u0111\u1ecdc\" \/>\n\t<meta name=\"twitter:data1\" content=\"2 ph\u00fat\" \/>\n<script type=\"application\/ld+json\" class=\"yoast-schema-graph\">{\"@context\":\"https:\\\/\\\/schema.org\",\"@graph\":[{\"@type\":\"WebPage\",\"@id\":\"https:\\\/\\\/kidnexshop.azdigi.shop\\\/?product=340\",\"url\":\"https:\\\/\\\/kidnexshop.azdigi.shop\\\/?product=340\",\"name\":\"\u0110\u1ed3 Ch\u01a1i L\u1eafp R\u00e1p Ph\u00f2ng Ph\u01b0\u01a1ng Ti\u1ec7n LEGO DUPLO 1047 -\",\"isPartOf\":{\"@id\":\"https:\\\/\\\/kidnexshop.azdigi.shop\\\/#website\"},\"primaryImageOfPage\":{\"@id\":\"https:\\\/\\\/kidnexshop.azdigi.shop\\\/?product=340#primaryimage\"},\"image\":{\"@id\":\"https:\\\/\\\/kidnexshop.azdigi.shop\\\/?product=340#primaryimage\"},\"thumbnailUrl\":\"https:\\\/\\\/kidnexshop.azdigi.shop\\\/wp-content\\\/uploads\\\/2026\\\/04\\\/2-2.webp\",\"datePublished\":\"2026-04-10T18:04:55+00:00\",\"dateModified\":\"2026-04-18T04:15:47+00:00\",\"description\":\"B\u1ed9 LEGO DUPLO 10449 gi\u00fap b\u00e9 nh\u1eadp vai b\u00e1c s\u0129, ph\u00e1t tri\u1ec3n t\u01b0 duy, giao ti\u1ebfp, v\u1eadn \u0111\u1ed9ng tinh, an to\u00e0n, ph\u00f9 h\u1ee3p tr\u1ebb m\u1ea7m non.\",\"breadcrumb\":{\"@id\":\"https:\\\/\\\/kidnexshop.azdigi.shop\\\/?product=340#breadcrumb\"},\"inLanguage\":\"vi\",\"potentialAction\":[{\"@type\":\"ReadAction\",\"target\":[\"https:\\\/\\\/kidnexshop.azdigi.shop\\\/?product=340\"]}]},{\"@type\":\"ImageObject\",\"inLanguage\":\"vi\",\"@id\":\"https:\\\/\\\/kidnexshop.azdigi.shop\\\/?product=340#primaryimage\",\"url\":\"https:\\\/\\\/kidnexshop.azdigi.shop\\\/wp-content\\\/uploads\\\/2026\\\/04\\\/2-2.webp\",\"contentUrl\":\"https:\\\/\\\/kidnexshop.azdigi.shop\\\/wp-content\\\/uploads\\\/2026\\\/04\\\/2-2.webp\",\"width\":1100,\"height\":1100},{\"@type\":\"BreadcrumbList\",\"@id\":\"https:\\\/\\\/kidnexshop.azdigi.shop\\\/?product=340#breadcrumb\",\"itemListElement\":[{\"@type\":\"ListItem\",\"position\":1,\"name\":\"Home\",\"item\":\"https:\\\/\\\/kidnexshop.azdigi.shop\\\/\"},{\"@type\":\"ListItem\",\"position\":2,\"name\":\"C\u1eeda h\u00e0ng\",\"item\":\"https:\\\/\\\/kidnexshop.azdigi.shop\\\/?page_id=138\"},{\"@type\":\"ListItem\",\"position\":3,\"name\":\"\u0110\u1ed3 Ch\u01a1i L\u1eafp R\u00e1p Ph\u00f2ng Ph\u01b0\u01a1ng Ti\u1ec7n LEGO DUPLO 1047\"}]},{\"@type\":\"WebSite\",\"@id\":\"https:\\\/\\\/kidnexshop.azdigi.shop\\\/#website\",\"url\":\"https:\\\/\\\/kidnexshop.azdigi.shop\\\/\",\"name\":\"KIDNEX TOY SHOP\",\"description\":\"\",\"publisher\":{\"@id\":\"https:\\\/\\\/kidnexshop.azdigi.shop\\\/#organization\"},\"potentialAction\":[{\"@type\":\"SearchAction\",\"target\":{\"@type\":\"EntryPoint\",\"urlTemplate\":\"https:\\\/\\\/kidnexshop.azdigi.shop\\\/?s={search_term_string}\"},\"query-input\":{\"@type\":\"PropertyValueSpecification\",\"valueRequired\":true,\"valueName\":\"search_term_string\"}}],\"inLanguage\":\"vi\"},{\"@type\":\"Organization\",\"@id\":\"https:\\\/\\\/kidnexshop.azdigi.shop\\\/#organization\",\"name\":\"KIDNEX TOY SHOP\",\"url\":\"https:\\\/\\\/kidnexshop.azdigi.shop\\\/\",\"logo\":{\"@type\":\"ImageObject\",\"inLanguage\":\"vi\",\"@id\":\"https:\\\/\\\/kidnexshop.azdigi.shop\\\/#\\\/schema\\\/logo\\\/image\\\/\",\"url\":\"https:\\\/\\\/kidnexshop.azdigi.shop\\\/wp-content\\\/uploads\\\/2026\\\/02\\\/Playful-Logo-Concepts-for-KIDNEX-TOY-SHOP.png\",\"contentUrl\":\"https:\\\/\\\/kidnexshop.azdigi.shop\\\/wp-content\\\/uploads\\\/2026\\\/02\\\/Playful-Logo-Concepts-for-KIDNEX-TOY-SHOP.png\",\"width\":2000,\"height\":2000,\"caption\":\"KIDNEX TOY SHOP\"},\"image\":{\"@id\":\"https:\\\/\\\/kidnexshop.azdigi.shop\\\/#\\\/schema\\\/logo\\\/image\\\/\"}}]}<\/script>\n<!-- \/ Yoast SEO plugin. -->","yoast_head_json":{"title":"\u0110\u1ed3 Ch\u01a1i L\u1eafp R\u00e1p Ph\u00f2ng Ph\u01b0\u01a1ng Ti\u1ec7n LEGO DUPLO 1047 -","description":"B\u1ed9 LEGO DUPLO 10449 gi\u00fap b\u00e9 nh\u1eadp vai b\u00e1c s\u0129, ph\u00e1t tri\u1ec3n t\u01b0 duy, giao ti\u1ebfp, v\u1eadn \u0111\u1ed9ng tinh, an to\u00e0n, ph\u00f9 h\u1ee3p tr\u1ebb m\u1ea7m non.","robots":{"index":"index","follow":"follow","max-snippet":"max-snippet:-1","max-image-preview":"max-image-preview:large","max-video-preview":"max-video-preview:-1"},"canonical":"https:\/\/kidnexshop.azdigi.shop\/?product=340","og_locale":"vi_VN","og_type":"article","og_title":"\u0110\u1ed3 Ch\u01a1i L\u1eafp R\u00e1p Ph\u00f2ng Ph\u01b0\u01a1ng Ti\u1ec7n LEGO DUPLO 1047 -","og_description":"B\u1ed9 LEGO DUPLO 10449 gi\u00fap b\u00e9 nh\u1eadp vai b\u00e1c s\u0129, ph\u00e1t tri\u1ec3n t\u01b0 duy, giao ti\u1ebfp, v\u1eadn \u0111\u1ed9ng tinh, an to\u00e0n, ph\u00f9 h\u1ee3p tr\u1ebb m\u1ea7m non.","og_url":"https:\/\/kidnexshop.azdigi.shop\/?product=340","article_modified_time":"2026-04-18T04:15:47+00:00","og_image":[{"width":1100,"height":1100,"url":"https:\/\/kidnexshop.azdigi.shop\/wp-content\/uploads\/2026\/04\/2-2.webp","type":"image\/webp"}],"twitter_card":"summary_large_image","twitter_misc":{"\u01af\u1edbc t\u00ednh th\u1eddi gian \u0111\u1ecdc":"2 ph\u00fat"},"schema":{"@context":"https:\/\/schema.org","@graph":[{"@type":"WebPage","@id":"https:\/\/kidnexshop.azdigi.shop\/?product=340","url":"https:\/\/kidnexshop.azdigi.shop\/?product=340","name":"\u0110\u1ed3 Ch\u01a1i L\u1eafp R\u00e1p Ph\u00f2ng Ph\u01b0\u01a1ng Ti\u1ec7n LEGO DUPLO 1047 -","isPartOf":{"@id":"https:\/\/kidnexshop.azdigi.shop\/#website"},"primaryImageOfPage":{"@id":"https:\/\/kidnexshop.azdigi.shop\/?product=340#primaryimage"},"image":{"@id":"https:\/\/kidnexshop.azdigi.shop\/?product=340#primaryimage"},"thumbnailUrl":"https:\/\/kidnexshop.azdigi.shop\/wp-content\/uploads\/2026\/04\/2-2.webp","datePublished":"2026-04-10T18:04:55+00:00","dateModified":"2026-04-18T04:15:47+00:00","description":"B\u1ed9 LEGO DUPLO 10449 gi\u00fap b\u00e9 nh\u1eadp vai b\u00e1c s\u0129, ph\u00e1t tri\u1ec3n t\u01b0 duy, giao ti\u1ebfp, v\u1eadn \u0111\u1ed9ng tinh, an to\u00e0n, ph\u00f9 h\u1ee3p tr\u1ebb m\u1ea7m non.","breadcrumb":{"@id":"https:\/\/kidnexshop.azdigi.shop\/?product=340#breadcrumb"},"inLanguage":"vi","potentialAction":[{"@type":"ReadAction","target":["https:\/\/kidnexshop.azdigi.shop\/?product=340"]}]},{"@type":"ImageObject","inLanguage":"vi","@id":"https:\/\/kidnexshop.azdigi.shop\/?product=340#primaryimage","url":"https:\/\/kidnexshop.azdigi.shop\/wp-content\/uploads\/2026\/04\/2-2.webp","contentUrl":"https:\/\/kidnexshop.azdigi.shop\/wp-content\/uploads\/2026\/04\/2-2.webp","width":1100,"height":1100},{"@type":"BreadcrumbList","@id":"https:\/\/kidnexshop.azdigi.shop\/?product=340#breadcrumb","itemListElement":[{"@type":"ListItem","position":1,"name":"Home","item":"https:\/\/kidnexshop.azdigi.shop\/"},{"@type":"ListItem","position":2,"name":"C\u1eeda h\u00e0ng","item":"https:\/\/kidnexshop.azdigi.shop\/?page_id=138"},{"@type":"ListItem","position":3,"name":"\u0110\u1ed3 Ch\u01a1i L\u1eafp R\u00e1p Ph\u00f2ng Ph\u01b0\u01a1ng Ti\u1ec7n LEGO DUPLO 1047"}]},{"@type":"WebSite","@id":"https:\/\/kidnexshop.azdigi.shop\/#website","url":"https:\/\/kidnexshop.azdigi.shop\/","name":"KIDNEX TOY SHOP","description":"","publisher":{"@id":"https:\/\/kidnexshop.azdigi.shop\/#organization"},"potentialAction":[{"@type":"SearchAction","target":{"@type":"EntryPoint","urlTemplate":"https:\/\/kidnexshop.azdigi.shop\/?s={search_term_string}"},"query-input":{"@type":"PropertyValueSpecification","valueRequired":true,"valueName":"search_term_string"}}],"inLanguage":"vi"},{"@type":"Organization","@id":"https:\/\/kidnexshop.azdigi.shop\/#organization","name":"KIDNEX TOY SHOP","url":"https:\/\/kidnexshop.azdigi.shop\/","logo":{"@type":"ImageObject","inLanguage":"vi","@id":"https:\/\/kidnexshop.azdigi.shop\/#\/schema\/logo\/image\/","url":"https:\/\/kidnexshop.azdigi.shop\/wp-content\/uploads\/2026\/02\/Playful-Logo-Concepts-for-KIDNEX-TOY-SHOP.png","contentUrl":"https:\/\/kidnexshop.azdigi.shop\/wp-content\/uploads\/2026\/02\/Playful-Logo-Concepts-for-KIDNEX-TOY-SHOP.png","width":2000,"height":2000,"caption":"KIDNEX TOY SHOP"},"image":{"@id":"https:\/\/kidnexshop.azdigi.shop\/#\/schema\/logo\/image\/"}}]}},"_links":{"self":[{"href":"https:\/\/kidnexshop.azdigi.shop\/index.php?rest_route=\/wp\/v2\/product\/340","targetHints":{"allow":["GET"]}}],"collection":[{"href":"https:\/\/kidnexshop.azdigi.shop\/index.php?rest_route=\/wp\/v2\/product"}],"about":[{"href":"https:\/\/kidnexshop.azdigi.shop\/index.php?rest_route=\/wp\/v2\/types\/product"}],"replies":[{"embeddable":true,"href":"https:\/\/kidnexshop.azdigi.shop\/index.php?rest_route=%2Fwp%2Fv2%2Fcomments&post=340"}],"wp:featuredmedia":[{"embeddable":true,"href":"https:\/\/kidnexshop.azdigi.shop\/index.php?rest_route=\/wp\/v2\/media\/378"}],"wp:attachment":[{"href":"https:\/\/kidnexshop.azdigi.shop\/index.php?rest_route=%2Fwp%2Fv2%2Fmedia&parent=340"}],"wp:term":[{"taxonomy":"product_brand","embeddable":true,"href":"https:\/\/kidnexshop.azdigi.shop\/index.php?rest_route=%2Fwp%2Fv2%2Fproduct_brand&post=340"},{"taxonomy":"product_cat","embeddable":true,"href":"https:\/\/kidnexshop.azdigi.shop\/index.php?rest_route=%2Fwp%2Fv2%2Fproduct_cat&post=340"},{"taxonomy":"product_tag","embeddable":true,"href":"https:\/\/kidnexshop.azdigi.shop\/index.php?rest_route=%2Fwp%2Fv2%2Fproduct_tag&post=340"}],"curies":[{"name":"wp","href":"https:\/\/api.w.org\/{rel}","templated":true}]}}